{"id":1681,"date":"2026-01-31T16:07:21","date_gmt":"2026-01-31T16:07:21","guid":{"rendered":"https:\/\/www.imkerverein-aurich.de\/?page_id=1681"},"modified":"2026-02-09T17:10:46","modified_gmt":"2026-02-09T17:10:46","slug":"2026-01-31-ostfriesischen-imkertreffen-in-idafehn","status":"publish","type":"page","link":"https:\/\/www.imkerverein-aurich.de\/?page_id=1681","title":{"rendered":"2026-01-31- Ostfriesischen Imkertreffen in Idafehn"},"content":{"rendered":"\t\t<div data-elementor-type=\"wp-page\" data-elementor-id=\"1681\" class=\"elementor elementor-1681\">\n\t\t\t\t\t\t<section class=\"elementor-section elementor-top-section elementor-element elementor-element-97dcc43 elementor-section-full_width elementor-section-stretched elementor-section-height-default elementor-section-height-default\" data-id=\"97dcc43\" data-element_type=\"section\" data-e-type=\"section\" data-settings=\"{&quot;stretch_section&quot;:&quot;section-stretched&quot;}\">\n\t\t\t\t\t\t<div class=\"elementor-container elementor-column-gap-default\">\n\t\t\t\t\t<div class=\"elementor-column elementor-col-100 elementor-top-column elementor-element elementor-element-1b35140d\" data-id=\"1b35140d\" data-element_type=\"column\" data-e-type=\"column\">\n\t\t\t<div class=\"elementor-widget-wrap elementor-element-populated\">\n\t\t\t\t\t\t<div class=\"elementor-element elementor-element-7238ef6d elementor-widget elementor-widget-image\" data-id=\"7238ef6d\" data-element_type=\"widget\" data-e-type=\"widget\" data-widget_type=\"image.default\">\n\t\t\t\t<div class=\"elementor-widget-container\">\n\t\t\t\t\t\t\t\t\t\t\t\t\t\t\t<img decoding=\"async\" src=\"https:\/\/www.imkerverein-aurich.de\/wp-content\/uploads\/2025\/12\/Hex-Head.png\" title=\"Hex-Head\" alt=\"Hex-Head\" loading=\"lazy\" \/>\t\t\t\t\t\t\t\t\t\t\t\t\t\t\t<\/div>\n\t\t\t\t<\/div>\n\t\t\t\t\t<\/div>\n\t\t<\/div>\n\t\t\t\t\t<\/div>\n\t\t<\/section>\n\t\t\t\t<section class=\"elementor-section elementor-top-section elementor-element elementor-element-2adbf99 elementor-section-boxed elementor-section-height-default elementor-section-height-default\" data-id=\"2adbf99\" data-element_type=\"section\" data-e-type=\"section\">\n\t\t\t\t\t\t<div class=\"elementor-container elementor-column-gap-default\">\n\t\t\t\t\t<div class=\"elementor-column elementor-col-100 elementor-top-column elementor-element elementor-element-1bcacad\" data-id=\"1bcacad\" data-element_type=\"column\" data-e-type=\"column\">\n\t\t\t<div class=\"elementor-widget-wrap elementor-element-populated\">\n\t\t\t\t\t\t<div class=\"elementor-element elementor-element-bf0f9a2 elementor-widget elementor-widget-heading\" data-id=\"bf0f9a2\" data-element_type=\"widget\" data-e-type=\"widget\" data-widget_type=\"heading.default\">\n\t\t\t\t<div class=\"elementor-widget-container\">\n\t\t\t\t\t<h2 class=\"elementor-heading-title elementor-size-default\">Bericht zum Ostfriesischen Imkertreffen am 31.Januar 2026<\/h2>\t\t\t\t<\/div>\n\t\t\t\t<\/div>\n\t\t\t\t\t<\/div>\n\t\t<\/div>\n\t\t\t\t\t<\/div>\n\t\t<\/section>\n\t\t<div class=\"elementor-element elementor-element-ec46b83 e-flex e-con-boxed e-con e-parent\" data-id=\"ec46b83\" data-element_type=\"container\" data-e-type=\"container\">\n\t\t\t\t\t<div class=\"e-con-inner\">\n\t\t<div class=\"elementor-element elementor-element-52926f6 e-con-full e-flex e-con e-child\" data-id=\"52926f6\" data-element_type=\"container\" data-e-type=\"container\">\n\t\t\t\t<div class=\"elementor-element elementor-element-c9671d5 elementor-widget elementor-widget-image\" data-id=\"c9671d5\" data-element_type=\"widget\" data-e-type=\"widget\" data-widget_type=\"image.default\">\n\t\t\t\t<div class=\"elementor-widget-container\">\n\t\t\t\t\t\t\t\t\t\t\t\t\t\t\t\t<a href=\"https:\/\/www.imkerverein-aurich.de\/wp-content\/uploads\/2026\/02\/WhatsApp-Image-2026-01-31-at-17.20.18.jpeg\" data-elementor-open-lightbox=\"yes\" data-elementor-lightbox-title=\"WhatsApp Image 2026-01-31 at 17.20.18\" data-e-action-hash=\"#elementor-action%3Aaction%3Dlightbox%26settings%3DeyJpZCI6MTY4NywidXJsIjoiaHR0cHM6XC9cL3d3dy5pbWtlcnZlcmVpbi1hdXJpY2guZGVcL3dwLWNvbnRlbnRcL3VwbG9hZHNcLzIwMjZcLzAyXC9XaGF0c0FwcC1JbWFnZS0yMDI2LTAxLTMxLWF0LTE3LjIwLjE4LmpwZWcifQ%3D%3D\">\n\t\t\t\t\t\t\t<img fetchpriority=\"high\" decoding=\"async\" width=\"300\" height=\"225\" src=\"https:\/\/www.imkerverein-aurich.de\/wp-content\/uploads\/2026\/02\/WhatsApp-Image-2026-01-31-at-17.20.18-300x225.jpeg\" class=\"attachment-medium size-medium wp-image-1687\" alt=\"\" srcset=\"https:\/\/www.imkerverein-aurich.de\/wp-content\/uploads\/2026\/02\/WhatsApp-Image-2026-01-31-at-17.20.18-300x225.jpeg 300w, https:\/\/www.imkerverein-aurich.de\/wp-content\/uploads\/2026\/02\/WhatsApp-Image-2026-01-31-at-17.20.18-1024x768.jpeg 1024w, https:\/\/www.imkerverein-aurich.de\/wp-content\/uploads\/2026\/02\/WhatsApp-Image-2026-01-31-at-17.20.18-768x576.jpeg 768w, https:\/\/www.imkerverein-aurich.de\/wp-content\/uploads\/2026\/02\/WhatsApp-Image-2026-01-31-at-17.20.18-1536x1152.jpeg 1536w, https:\/\/www.imkerverein-aurich.de\/wp-content\/uploads\/2026\/02\/WhatsApp-Image-2026-01-31-at-17.20.18.jpeg 2000w\" sizes=\"(max-width: 300px) 100vw, 300px\" \/>\t\t\t\t\t\t\t\t<\/a>\n\t\t\t\t\t\t\t\t\t\t\t\t\t\t\t<\/div>\n\t\t\t\t<\/div>\n\t\t\t\t<\/div>\n\t\t<div class=\"elementor-element elementor-element-45b2c8c e-con-full e-flex e-con e-child\" data-id=\"45b2c8c\" data-element_type=\"container\" data-e-type=\"container\">\n\t\t\t\t<div class=\"elementor-element elementor-element-d3e4b91 elementor-widget elementor-widget-text-editor\" data-id=\"d3e4b91\" data-element_type=\"widget\" data-e-type=\"widget\" data-widget_type=\"text-editor.default\">\n\t\t\t\t<div class=\"elementor-widget-container\">\n\t\t\t\t\t\t\t\t\t<p>Wir haben uns in Idafehn im M\u00fchlencaf\u00e9 zum Anlass des 125-j\u00e4hrigen Bestehens des Imkervereins Rhauderfehn und Umgebung eingefunden.<br \/>Der Nachmittag begann mit einem gem\u00fctlichen Beisammensein mit Tee und Kuchen. <br \/>Danach wurde ein hervorragender Bericht \u00fcber die Geschichte des Vereins und die Ansiedlung der Imker im Overledinger Land vorgetragen, mit vielen historischen Belegen wie Zeitungsausschnitten von 1900 \u00a0und Fotos von alten Tagen. <br \/>Wir empfanden diesen Vortrag als \u00fcberaus gelungen.<br \/><br \/>Im Anschluss hat der Vorsitzende des Imkervereins Rhauderfehn, Herr B\u00f6de Busboom, das Wort und stellt die Arbeit des Vereins vor. Es wurde berichtet, dass der Imkerverein \u00fcber 120 Mitglieder und 890 Bienenv\u00f6lker verf\u00fcgt und der Altersdurchschnitt von 80 Jahren auf 70 Jahre gefallen sei. Die Anzahl der Imker w\u00fcrde steigen, aber die Anzahl der V\u00f6lker w\u00e4re r\u00fcckl\u00e4ufig. Es gab eine Vorstellung des Vereinsheims mit angeschlossenem Bienenlehrpfad und einer Streuobstwiese sowie einen \u00dcberblick der im Jahr anstehenden Termine wie Reinigungstage, Wachssammlung usw.<\/p>\t\t\t\t\t\t\t\t<\/div>\n\t\t\t\t<\/div>\n\t\t\t\t<\/div>\n\t\t\t\t\t<\/div>\n\t\t\t\t<\/div>\n\t\t<div class=\"elementor-element elementor-element-671d0ac e-flex e-con-boxed e-con e-parent\" data-id=\"671d0ac\" data-element_type=\"container\" data-e-type=\"container\">\n\t\t\t\t\t<div class=\"e-con-inner\">\n\t\t<div class=\"elementor-element elementor-element-6727dcb e-con-full e-flex e-con e-child\" data-id=\"6727dcb\" data-element_type=\"container\" data-e-type=\"container\">\n\t\t\t\t<div class=\"elementor-element elementor-element-78b0a45 elementor-widget elementor-widget-image\" data-id=\"78b0a45\" data-element_type=\"widget\" data-e-type=\"widget\" data-widget_type=\"image.default\">\n\t\t\t\t<div class=\"elementor-widget-container\">\n\t\t\t\t\t\t\t\t\t\t\t\t\t\t\t\t<a href=\"https:\/\/www.imkerverein-aurich.de\/wp-content\/uploads\/2026\/02\/IMG_8082.jpg\" data-elementor-open-lightbox=\"yes\" data-elementor-lightbox-title=\"IMG_8082\" data-e-action-hash=\"#elementor-action%3Aaction%3Dlightbox%26settings%3DeyJpZCI6MTY4OCwidXJsIjoiaHR0cHM6XC9cL3d3dy5pbWtlcnZlcmVpbi1hdXJpY2guZGVcL3dwLWNvbnRlbnRcL3VwbG9hZHNcLzIwMjZcLzAyXC9JTUdfODA4Mi5qcGcifQ%3D%3D\">\n\t\t\t\t\t\t\t<img decoding=\"async\" width=\"300\" height=\"200\" src=\"https:\/\/www.imkerverein-aurich.de\/wp-content\/uploads\/2026\/02\/IMG_8082-300x200.jpg\" class=\"attachment-medium size-medium wp-image-1688\" alt=\"\" srcset=\"https:\/\/www.imkerverein-aurich.de\/wp-content\/uploads\/2026\/02\/IMG_8082-300x200.jpg 300w, https:\/\/www.imkerverein-aurich.de\/wp-content\/uploads\/2026\/02\/IMG_8082-1024x683.jpg 1024w, https:\/\/www.imkerverein-aurich.de\/wp-content\/uploads\/2026\/02\/IMG_8082-768x512.jpg 768w, https:\/\/www.imkerverein-aurich.de\/wp-content\/uploads\/2026\/02\/IMG_8082-1536x1024.jpg 1536w, https:\/\/www.imkerverein-aurich.de\/wp-content\/uploads\/2026\/02\/IMG_8082.jpg 1920w\" sizes=\"(max-width: 300px) 100vw, 300px\" \/>\t\t\t\t\t\t\t\t<\/a>\n\t\t\t\t\t\t\t\t\t\t\t\t\t\t\t<\/div>\n\t\t\t\t<\/div>\n\t\t\t\t<\/div>\n\t\t<div class=\"elementor-element elementor-element-6bd2f80 e-con-full e-flex e-con e-child\" data-id=\"6bd2f80\" data-element_type=\"container\" data-e-type=\"container\">\n\t\t\t\t<div class=\"elementor-element elementor-element-4c95279 elementor-widget elementor-widget-image\" data-id=\"4c95279\" data-element_type=\"widget\" data-e-type=\"widget\" data-widget_type=\"image.default\">\n\t\t\t\t<div class=\"elementor-widget-container\">\n\t\t\t\t\t\t\t\t\t\t\t\t\t\t\t\t<a href=\"https:\/\/iv-rhauderfehn.de\/\">\n\t\t\t\t\t\t\t<img decoding=\"async\" src=\"https:\/\/iv-rhauderfehn.de\/wp-content\/uploads\/2024\/11\/cropped-Imkerverein_Rhauderfehn_01_QF_schwarz-2048x719.png\" title=\"\" alt=\"\" loading=\"lazy\" \/>\t\t\t\t\t\t\t\t<\/a>\n\t\t\t\t\t\t\t\t\t\t\t\t\t\t\t<\/div>\n\t\t\t\t<\/div>\n\t\t\t\t<\/div>\n\t\t<div class=\"elementor-element elementor-element-601217c e-con-full e-flex e-con e-child\" data-id=\"601217c\" data-element_type=\"container\" data-e-type=\"container\">\n\t\t\t\t<div class=\"elementor-element elementor-element-b5f53b3 elementor-widget elementor-widget-image\" data-id=\"b5f53b3\" data-element_type=\"widget\" data-e-type=\"widget\" data-widget_type=\"image.default\">\n\t\t\t\t<div class=\"elementor-widget-container\">\n\t\t\t\t\t\t\t\t\t\t\t\t\t\t\t\t<a href=\"https:\/\/www.imkerverein-aurich.de\/wp-content\/uploads\/2026\/02\/IMG_8086.jpg\" data-elementor-open-lightbox=\"yes\" data-elementor-lightbox-title=\"IMG_8086\" data-e-action-hash=\"#elementor-action%3Aaction%3Dlightbox%26settings%3DeyJpZCI6MTY4OSwidXJsIjoiaHR0cHM6XC9cL3d3dy5pbWtlcnZlcmVpbi1hdXJpY2guZGVcL3dwLWNvbnRlbnRcL3VwbG9hZHNcLzIwMjZcLzAyXC9JTUdfODA4Ni5qcGcifQ%3D%3D\">\n\t\t\t\t\t\t\t<img decoding=\"async\" width=\"300\" height=\"169\" src=\"https:\/\/www.imkerverein-aurich.de\/wp-content\/uploads\/2026\/02\/IMG_8086-300x169.jpg\" class=\"attachment-medium size-medium wp-image-1689\" alt=\"\" srcset=\"https:\/\/www.imkerverein-aurich.de\/wp-content\/uploads\/2026\/02\/IMG_8086-300x169.jpg 300w, https:\/\/www.imkerverein-aurich.de\/wp-content\/uploads\/2026\/02\/IMG_8086-1024x576.jpg 1024w, https:\/\/www.imkerverein-aurich.de\/wp-content\/uploads\/2026\/02\/IMG_8086-768x432.jpg 768w, https:\/\/www.imkerverein-aurich.de\/wp-content\/uploads\/2026\/02\/IMG_8086-1536x864.jpg 1536w, https:\/\/www.imkerverein-aurich.de\/wp-content\/uploads\/2026\/02\/IMG_8086-2048x1152.jpg 2048w\" sizes=\"(max-width: 300px) 100vw, 300px\" \/>\t\t\t\t\t\t\t\t<\/a>\n\t\t\t\t\t\t\t\t\t\t\t\t\t\t\t<\/div>\n\t\t\t\t<\/div>\n\t\t\t\t<\/div>\n\t\t\t\t\t<\/div>\n\t\t\t\t<\/div>\n\t\t<div class=\"elementor-element elementor-element-251b8ef e-flex e-con-boxed e-con e-parent\" data-id=\"251b8ef\" data-element_type=\"container\" data-e-type=\"container\">\n\t\t\t\t\t<div class=\"e-con-inner\">\n\t\t<div class=\"elementor-element elementor-element-1e7e4da e-con-full e-flex e-con e-child\" data-id=\"1e7e4da\" data-element_type=\"container\" data-e-type=\"container\">\n\t\t\t\t<div class=\"elementor-element elementor-element-ae97f9d elementor-widget elementor-widget-text-editor\" data-id=\"ae97f9d\" data-element_type=\"widget\" data-e-type=\"widget\" data-widget_type=\"text-editor.default\">\n\t\t\t\t<div class=\"elementor-widget-container\">\n\t\t\t\t\t\t\t\t\t<p>Im Anschluss gab es vereins\u00fcbergreifende Themen:<\/p>\n<ul>\n<li>Zusammenarbeit mit den Veterin\u00e4r\u00e4mtern bei den Vereinen: <br \/>Bei allen Vereinen w\u00e4re diese positiv. Manche teilten mit, dass sie ein Teil bei der Ausbildung seien!<\/li>\n<li>Viele Vereine betreiben die Futterkranzproben f\u00fcr alle Mitglieder. <br \/>(Vorteil ist ein Gesundheitszeugnis f\u00fcr alle Bienenv\u00f6lker des Vereins sowie ein gesamtes Monitoring.)<\/li>\n<li>Es werden Schulungen gegeben f\u00fcr die Entnahme von Futterkranzproben, <br \/>da hier viel Unsicherheit herrsche und falsche Ergebnisse geliefert w\u00fcrden.<\/li>\n<li>Reinigungstag sein bei vielen Vereinen auf Ende M\u00e4rz verlegt worden, um die Teile, die nach der Fr\u00fchjahrdruchsicht entnommen sind, wieder gereinigt in den Kreislauf des Jahres einzubringen. Es habe eine Umstellung von \u00c4tznatron auf Soda gegeben, das Ergebnis soll genauso gut sein und der Umgang sei viel sicherer.<\/li>\n<li>Imkerverein bietet Ferienpass an<\/li>\n<li>Aussichten Wanderung an Raps<\/li>\n<li>Workshop: Inselk\u00f6nigin: Wie geht das? Durchf\u00fchrung Schritt f\u00fcr Schritt.<\/li>\n<li>Eichwaage im Verein: Eine geeichte Waage m\u00fcsse vorhanden sein und jeder Imker muss Zugang zu einer geeichten Waage haben.<\/li>\n<li>Hinweis: Es k\u00f6nnen noch Etiketten Honig aus Ostfriesland bestellt werden.<\/li>\n<\/ul>\n<p>Termine:<br \/>18.04.2026 Einweihung Imkerlehrpfad Verein Rhauderfehn<\/p>\n<p><span style=\"font-size: small;\">Bericht: Christian Schuster<\/span><\/p>\t\t\t\t\t\t\t\t<\/div>\n\t\t\t\t<\/div>\n\t\t\t\t<\/div>\n\t\t\t\t\t<\/div>\n\t\t\t\t<\/div>\n\t\t\t\t<\/div>\n\t\t","protected":false},"excerpt":{"rendered":"<p>Bericht zum Ostfriesischen Imkertreffen am 31.Januar 2026 Wir haben uns in Idafehn im M\u00fchlencaf\u00e9 zum Anlass des 125-j\u00e4hrigen Bestehens des [&hellip;]<\/p>\n","protected":false},"author":3,"featured_media":0,"parent":0,"menu_order":0,"comment_status":"closed","ping_status":"closed","template":"","meta":{"site-sidebar-layout":"default","site-content-layout":"","ast-site-content-layout":"default","site-content-style":"default","site-sidebar-style":"default","ast-global-header-display":"","ast-banner-title-visibility":"","ast-main-header-display":"","ast-hfb-above-header-display":"","ast-hfb-below-header-display":"","ast-hfb-mobile-header-display":"","site-post-title":"disabled","ast-breadcrumbs-content":"","ast-featured-img":"","footer-sml-layout":"","theme-transparent-header-meta":"","adv-header-id-meta":"","stick-header-meta":"","header-above-stick-meta":"","header-main-stick-meta":"","header-below-stick-meta":"","astra-migrate-meta-layouts":"default","ast-page-background-enabled":"default","ast-page-background-meta":{"desktop":{"background-color":"var(--ast-global-color-5)","background-image":"","background-repeat":"repeat","background-position":"center center","background-size":"auto","background-attachment":"scroll","background-type":"","background-media":"","overlay-type":"","overlay-color":"","overlay-opacity":"","overlay-gradient":""},"tablet":{"background-color":"","background-image":"","background-repeat":"repeat","background-position":"center center","background-size":"auto","background-attachment":"scroll","background-type":"","background-media":"","overlay-type":"","overlay-color":"","overlay-opacity":"","overlay-gradient":""},"mobile":{"background-color":"","background-image":"","background-repeat":"repeat","background-position":"center center","background-size":"auto","background-attachment":"scroll","background-type":"","background-media":"","overlay-type":"","overlay-color":"","overlay-opacity":"","overlay-gradient":""}},"ast-content-background-meta":{"desktop":{"background-color":"var(--ast-global-color-4)","background-image":"","background-repeat":"repeat","background-position":"center center","background-size":"auto","background-attachment":"scroll","background-type":"","background-media":"","overlay-type":"","overlay-color":"","overlay-opacity":"","overlay-gradient":""},"tablet":{"background-color":"var(--ast-global-color-4)","background-image":"","background-repeat":"repeat","background-position":"center center","background-size":"auto","background-attachment":"scroll","background-type":"","background-media":"","overlay-type":"","overlay-color":"","overlay-opacity":"","overlay-gradient":""},"mobile":{"background-color":"var(--ast-global-color-4)","background-image":"","background-repeat":"repeat","background-position":"center center","background-size":"auto","background-attachment":"scroll","background-type":"","background-media":"","overlay-type":"","overlay-color":"","overlay-opacity":"","overlay-gradient":""}},"footnotes":""},"class_list":["post-1681","page","type-page","status-publish","hentry"],"_links":{"self":[{"href":"https:\/\/www.imkerverein-aurich.de\/index.php?rest_route=\/wp\/v2\/pages\/1681","targetHints":{"allow":["GET"]}}],"collection":[{"href":"https:\/\/www.imkerverein-aurich.de\/index.php?rest_route=\/wp\/v2\/pages"}],"about":[{"href":"https:\/\/www.imkerverein-aurich.de\/index.php?rest_route=\/wp\/v2\/types\/page"}],"author":[{"embeddable":true,"href":"https:\/\/www.imkerverein-aurich.de\/index.php?rest_route=\/wp\/v2\/users\/3"}],"replies":[{"embeddable":true,"href":"https:\/\/www.imkerverein-aurich.de\/index.php?rest_route=%2Fwp%2Fv2%2Fcomments&post=1681"}],"version-history":[{"count":31,"href":"https:\/\/www.imkerverein-aurich.de\/index.php?rest_route=\/wp\/v2\/pages\/1681\/revisions"}],"predecessor-version":[{"id":1732,"href":"https:\/\/www.imkerverein-aurich.de\/index.php?rest_route=\/wp\/v2\/pages\/1681\/revisions\/1732"}],"wp:attachment":[{"href":"https:\/\/www.imkerverein-aurich.de\/index.php?rest_route=%2Fwp%2Fv2%2Fmedia&parent=1681"}],"curies":[{"name":"wp","href":"https:\/\/api.w.org\/{rel}","templated":true}]}}