{"id":21,"date":"2021-06-04T09:10:51","date_gmt":"2021-06-04T09:10:51","guid":{"rendered":"http:\/\/wp.imkerverein-aurich.de\/?page_id=21"},"modified":"2024-09-22T07:19:20","modified_gmt":"2024-09-22T07:19:20","slug":"satzung","status":"publish","type":"page","link":"https:\/\/www.imkerverein-aurich.de\/?page_id=21","title":{"rendered":"Satzung"},"content":{"rendered":"\n<p class=\"has-text-align-center\">Satzung<\/p>\n\n\n\n<p class=\"has-text-align-center\">des<\/p>\n\n\n\n<p class=\"has-text-align-center\">Imker Vereins Aurich<\/p>\n\n\n\n<p class=\"has-text-align-center\">von 1886<\/p>\n\n\n\n<p class=\"has-text-align-center\">eingetragener gemeinn\u00fctziger Verein seit dem 08. Juli 2011<\/p>\n\n\n\n<p>Aus Gr\u00fcnden der besseren Lesbarkeit wird auf die gleichzeitige Verwendung der Sprachformen m\u00e4nnlich, weiblich und divers (m\/w\/d) verzichtet. S\u00e4mtliche Personenbezeichnungen gelten gleicherma\u00dfen f\u00fcr alle Geschlechter.<\/p>\n\n\n\n<p>Satzung des Imkervereins Aurich von 1886 e.V.<\/p>\n\n\n\n<p><strong>\u00a7 1 Name, Rechtsform, Sitz und Gesch\u00e4ftsjahr<\/strong><\/p>\n\n\n\n<p>Der Verein f\u00fchrt den Namen \u201eImkerverein Aurich von 1886 e.V.\u201c.<\/p>\n\n\n\n<p>Der Sitz des Vereins ist die Stadt Aurich. Er erstreckt sich im Wesentlichen auf das Gebiet der politischen<\/p>\n\n\n\n<p>Gemeinden Aurich, Ihlow, Gro\u00dfefehn und S\u00fcdbrookmerland.<\/p>\n\n\n\n<p>Der Verein ist in das Vereinsregister des Amtsgerichtes Aurich eingetragen<\/p>\n\n\n\n<p>Gesch\u00e4ftsjahr ist das Kalenderjahr.<\/p>\n\n\n\n<p>Der Imkerverein Aurich ist Mitglied im Landesverband der Imker Weser \u2013 Ems e.V.<\/p>\n\n\n\n<p>Der Verein ist parteipolitisch und weltanschaulich neutral.<\/p>\n\n\n\n<p><strong>\u00a7 2 Zweck und Aufgaben des Imkervereins Aurich<\/strong><\/p>\n\n\n\n<p>Zweck des Vereins ist es, die Bienenhaltung zu f\u00f6rdern und zu verbreiten.<\/p>\n\n\n\n<p>Durch die Best\u00e4ubungst\u00e4tigkeit der Honigbienen und weiterer Hautfl\u00fcgler von Wild- und Kulturpflanzen wird der Erhalt einer artenreichen Natur und Landschaft nachhaltig gef\u00f6rdert.<\/p>\n\n\n\n<p>Der Vereinszweck wird insbesondere verwirklicht durch<\/p>\n\n\n\n<p>\u2013 F\u00f6rderung der Bienenhaltung und der Bienenzucht,<\/p>\n\n\n\n<p>\u2013 Mitwirkung und Initiierung von Ma\u00dfnahmen zum Naturschutz und zur Landespflege mit dem Ziel einer<\/p>\n\n\n\n<p>Verbesserung der Lebensgrundlage der Honigbienen und weiterer Hautfl\u00fcgler.<\/p>\n\n\n\n<p>\u2013 Durchf\u00fchrung von Lehrg\u00e4ngen und Schulungen zur fachbezogenen F\u00f6rderung von Vereinsmitgliedern und Nichtmitgliedern,<\/p>\n\n\n\n<p>\u2013 Bek\u00e4mpfung von Bienenkrankheiten und Sch\u00e4dlingen der Bienen,<\/p>\n\n\n\n<p>\u2013 Mitwirkung bei Ma\u00dfnahmen zur Durchf\u00fchrung der Seuchenbek\u00e4mpfung bei Honigbienen best\u00e4nden,<\/p>\n\n\n\n<p>\u2013 Vertretung der Belange der Bienenzucht bei Beh\u00f6rden und sonstigen Dienststellen sowie in der<\/p>\n\n\n\n<p>\u00d6ffentlichkeit.<\/p>\n\n\n\n<p><strong>\u00a7 3 Gemeinn\u00fctzigkeit, Mittelverwendung<\/strong><\/p>\n\n\n\n<p>Der Imkerverein Aurich verfolgt ausschlie\u00dflich und unmittelbar gemeinn\u00fctzige und mildt\u00e4tige Zwecke im<\/p>\n\n\n\n<p>Sinne des Abschnitts \u201eSteuerbeg\u00fcnstigte Zwecke\u201c der Abgabenordnung.<\/p>\n\n\n\n<p>Der Imkerverein Aurich ist selbstlos t\u00e4tig und verfolgt nicht in erster Linie eigenwirtschaftliche Zwecke.<\/p>\n\n\n\n<p>Die Mittel des Imkervereins d\u00fcrfen nur f\u00fcr satzungsgem\u00e4\u00dfe Zwecke verwendet werden. Die<\/p>\n\n\n\n<p>Vereinsmitglieder erhalten keine Zuwendungen aus Mitteln des Vereins. Es darf keine Person durch<\/p>\n\n\n\n<p>Ausgaben, die dem Zweck des Imkervereins fremd sind oder durch unverh\u00e4ltnism\u00e4\u00dfig hohe Verg\u00fctungen beg\u00fcnstigt werden.<\/p>\n\n\n\n<p><strong>\u00a7 4 Mitgliedschaft, Ehrenmitglieder<\/strong><\/p>\n\n\n\n<p>Mitglied des Imkervereins Aurich k\u00f6nnen nat\u00fcrliche Personen werden,<\/p>\n\n\n\n<p>die an der Verwirklichung des Vereinszweckes mitwirken wollen.<\/p>\n\n\n\n<p>Gleiches gilt f\u00fcr juristische Personen als f\u00f6rdernde Mitglieder. Ein Stimmrecht steht den f\u00f6rdernden Mitgliedern nicht zu.<\/p>\n\n\n\n<p>Der Aufnahmeantrag ist in schriftlicher Form und unter Anerkennung der Satzung des Imkervereins Aurich zu stellen.&nbsp;<\/p>\n\n\n\n<p>\u00dcber den Aufnahmeantrag entscheidet der Gesamtvorstand.<\/p>\n\n\n\n<p>Gegen eine Ablehnung des Antrags, die schriftlich zu begr\u00fcnden ist, steht dem Bewerber die<\/p>\n\n\n\n<p>Berufung an die Mitgliederversammlung zu. Die Mitgliederversammlung entscheidet \u00fcber den<\/p>\n\n\n\n<p>Aufnahmeantrag endg\u00fcltig.<\/p>\n\n\n\n<p>Zu Ehrenmitgliedern k\u00f6nnen auf Vorschlag des Gesamtvorstandes um die F\u00f6rderung des Vereins<\/p>\n\n\n\n<p>besonders verdiente Personen durch die Mitgliederversammlung ernannt werden.<\/p>\n\n\n\n<p>Vereinsmitglieder ab dem 80-sten Lebensjahr werden zu Ehrenmitgliedern, sofern sie \u00fcber 25 Jahre einem Imkerverein angeh\u00f6rt haben.<\/p>\n\n\n\n<p>Ehrenmitglieder sind ab dem folgenden Beitragsjahr der Ernennung zum Ehrenmitglied, von der Zahlung des Vereinsbeitrags befreit.<\/p>\n\n\n\n<p><strong>\u00a7 5 Rechte und Pflichten der Vereinsmitglieder<\/strong><\/p>\n\n\n\n<p>Die Vereinsmitglieder haben das Recht:<\/p>\n\n\n\n<p>\u2013 auf volle Unterst\u00fctzung und F\u00f6rderung durch den Verein im Rahmen dieser Satzung,<\/p>\n\n\n\n<p>\u2013 auf den Besuch von Veranstaltungen des Imkervereins,<\/p>\n\n\n\n<p>\u2013 das Recht gegen\u00fcber dem Vorstand und der Mitgliederversammlung Antr\u00e4ge zu stellen.<\/p>\n\n\n\n<p>Die Mitglieder sind verpflichtet:<\/p>\n\n\n\n<p>\u2013 die Bestimmungen dieser Satzung sowie der Beh\u00f6rden auf dem Gebiet der Bienenzucht gewissenhaft zu befolgen,<\/p>\n\n\n\n<p>\u2013 die satzungsgem\u00e4\u00dfen Beschl\u00fcsse der Mitgliederversammlung und des Gesamtvorstand zu befolgen,<\/p>\n\n\n\n<p>\u2013 ihre Imkerei ordnungsgem\u00e4\u00df zu betreiben und die Bestrebungen des Vereins tatkr\u00e4ftig zu unterst\u00fctzen,<\/p>\n\n\n\n<p>\u2013 die Vereinsbeitr\u00e4ge fristgerecht zu entrichten.<\/p>\n\n\n\n<p>Die Nichtzahlung f\u00e4lliger Beitr\u00e4ge gilt als wichtiger Grund f\u00fcr den Ausschluss des betreffenden Mitglieds.<\/p>\n\n\n\n<p><strong>\u00a7 6 Beendigung der Mitgliedschaft<\/strong><\/p>\n\n\n\n<p>Die Vereinsmitgliedschaft endet durch Austritt, Ausschluss, Tod oder durch Verlust der Rechtsf\u00e4higkeit bei juristischen Personen.<\/p>\n\n\n\n<p>Mit dem Ende der Vereinsmitgliedschaft enden auch alle bisher im Verein<\/p>\n\n\n\n<p>erworbenen \u00c4mter und die hiermit verbundenen T\u00e4tigkeiten.<\/p>\n\n\n\n<p>Der Austritt erfolgt durch schriftliche oder m\u00fcndliche Erkl\u00e4rung gegen\u00fcber einem vertretungsberechtigten Vorstandsmitglied.<\/p>\n\n\n\n<p>Der Austritt kann nur zum Ende des Gesch\u00e4ftsjahres erkl\u00e4rt werden.<\/p>\n\n\n\n<p>Ein Vereinsausschluss kann nur aus wichtigem Grund erfolgen. Wichtige Gr\u00fcnde sind insbesondere ein die Vereinsziele sch\u00e4digendes Verhalten,<\/p>\n\n\n\n<p>die Verletzung der satzungsgem\u00e4\u00dfen Pflichten insbesondere in Bezug auf \u00a7 5 der Satzung.<\/p>\n\n\n\n<p>\u00dcber den Ausschluss entscheidet der Gesamtvorstand.<\/p>\n\n\n\n<p>Gegen einen Ausschluss steht dem Mitglied die Berufung an die Mitgliederversammlung zu, die schriftlich innerhalb eines Monats an den Vorstand zu richten ist. Diese entscheidet im Rahmen des Vereins endg\u00fcltig.<\/p>\n\n\n\n<p>Ausgeschiedene oder ausgeschlossene Mitglieder haben keinerlei Anspruch auf das Vereinsverm\u00f6gen.&nbsp;<\/p>\n\n\n\n<p>Eine R\u00fcckgew\u00e4hr von Beitr\u00e4gen, Spenden oder sonstigen Unterst\u00fctzungsleistungen ist ausgeschlossen.<\/p>\n\n\n\n<p><strong>\u00a7 7 Organe des Imkervereins\u00a0 Aurich<\/strong><\/p>\n\n\n\n<p>Organe des Imkervereins sind:<\/p>\n\n\n\n<p>\u2013 der Vorstand<\/p>\n\n\n\n<p>\u2013 Gesamtvorstand<\/p>\n\n\n\n<p>\u2013 die Mitgliederversammlung.<\/p>\n\n\n\n<p><strong>\u00a7 8 Der Vorstand<\/strong><\/p>\n\n\n\n<p>Der Vorstand ist gesetzlicher Vertreter des Imker Vereins im Sinne des \u00a7 26 BGB.<\/p>\n\n\n\n<p>Er besteht aus dem 1. und 2. Vorsitzenden, dem&nbsp; der Kassenwart und dem&nbsp; Schriftf\u00fchrer.<\/p>\n\n\n\n<p>Der Verein wird durch zwei Vorstandsmitglieder gemeinsam vertreten.<\/p>\n\n\n\n<p>Der Vorstand tritt auf Einladung des Vorsitzenden oder seines Vertreters allj\u00e4hrlich mindestens zweimal, im Regelfall zusammen mit dem Gesamtvorstand, zusammen.<\/p>\n\n\n\n<p>Er kann nach Ermessen des Vorstands \u00f6fter berufen werden.<\/p>\n\n\n\n<p>Der Vorstand wird von der Mitgliederversammlung auf die Dauer von 3 Jahren gew\u00e4hlt und bleibt bis zur&nbsp; Mitgliederversammlung nach Ablauf der Wahlperiode im Amt.<\/p>\n\n\n\n<p>Wiederwahl ist zul\u00e4ssig. Die Wahl erfolgt mit einfacher Stimmenmehrheit.<\/p>\n\n\n\n<p>Die Form der Wahl bestimmt die Mitgliederversammlung.<\/p>\n\n\n\n<p>Die Wiederwahl von Vorstandsmitgliedern ist zul\u00e4ssig.<\/p>\n\n\n\n<p>Vorstandsmitglieder k\u00f6nnen nur Mitglieder des Imkervereins&nbsp; Aurich werden.<\/p>\n\n\n\n<p><strong>\u00a7 9 Aufgaben des Vorstands<\/strong><\/p>\n\n\n\n<p>Der Vorstand:<\/p>\n\n\n\n<p>\u2013 leitet verantwortlich die Vereinsarbeit,<\/p>\n\n\n\n<p>\u2013 vertritt den Verein gerichtlich und au\u00dfergerichtlich,<\/p>\n\n\n\n<p>\u2013 setzt die Beschl\u00fcsse der Mitgliederversammlung um,<\/p>\n\n\n\n<p>\u2013 kann Aussch\u00fcsse aus Vereinsmitgliedern zu Bearbeitung besonderer Aufgaben einsetzen.<\/p>\n\n\n\n<p><strong>\u00a7 10 Gesamtvorstand<\/strong><\/p>\n\n\n\n<p>Der Gesamtvorstand des Imkervereins Aurich besteht aus den Mitgliedern des Vorstands und den Obleuten f\u00fcr besondere Aufgaben (z. B. Zuchtwesen, Bienenwanderung, Krankheitsbek\u00e4mpfung, Schulung, Honigbewertung, , und Medienarbeit).<\/p>\n\n\n\n<p>Die Obleute geh\u00f6ren dem Gesamtvorstand an.<\/p>\n\n\n\n<p>Die Obleute sind nicht zur Vertretung des Vereins im Sinne des \u00a7 26 BGB befugt.<\/p>\n\n\n\n<p>Der Gesamtvorstand tritt auf Einladung des Vorstands allj\u00e4hrlich mindestens zweimal zusammen. Er kann nach Ermessen des Vorstands \u00f6fter berufen werden.<\/p>\n\n\n\n<p>Die Obleute werden von der Mitgliederversammlung auf die Dauer von 3 Jahren gew\u00e4hlt und bleiben bis zur Mitgliederversammlung nach Ablauf der Wahlperiode im Amt.<\/p>\n\n\n\n<p>Wiederwahl ist zul\u00e4ssig.<\/p>\n\n\n\n<p>Die Wahl erfolgt mit einfacher Stimmenmehrheit.<\/p>\n\n\n\n<p>Die Form der Wahl bestimmt die Mitgliederversammlung.<\/p>\n\n\n\n<p>Obleute im Imkerverein Aurich k\u00f6nnen nur Mitglieder des Imker Vereins Aurich werden.<\/p>\n\n\n\n<p>Obleute k\u00f6nnen gleichzeitig \u00c4mter im Vorstand innehaben.<\/p>\n\n\n\n<p>Auf Vorschlag des Gesamtvorstands kann die Mitgliederversammlung die Anzahl der Obleute und deren<\/p>\n\n\n\n<p>Aufgabenbereiche erweitern oder reduzieren.<\/p>\n\n\n\n<p><strong>\u00a7 11 Aufgaben des Gesamtvorstands<\/strong><\/p>\n\n\n\n<p>Der Gesamtvorstand:<\/p>\n\n\n\n<p>\u2013 bereitet in Abstimmung mit dem Vorstand die Themen der Mitgliederversammlungen<\/p>\n\n\n\n<p>\u2013 und Sitzungen des Gesamtvorstands vor,<\/p>\n\n\n\n<p>\u2013 obliegt die Planung, Vorbereitung und Durchf\u00fchrung von Ma\u00dfnahmen, die dem Vereinszweck dienen,<\/p>\n\n\n\n<p>\u2013 entscheidet \u00fcber die Aufnahme und den Ausschluss von Mitgliedern im Sinne der \u00a7\u00a7<\/p>\n\n\n\n<p>\u2013 4 und 6 dieser Satzung.<\/p>\n\n\n\n<p><strong>\u00a7 12 Mitgliederversammlung<\/strong><\/p>\n\n\n\n<p>Die Mitgliederversammlung ist das oberste Vereinsorgan.<\/p>\n\n\n\n<p>Zu ihren Aufgaben geh\u00f6ren insbesondere<\/p>\n\n\n\n<p>\u2013 die Wahl und Abwahl des Vorstands,<\/p>\n\n\n\n<p>\u2013 Entgegennahme der Berichte des Vorstands und der Obleute,<\/p>\n\n\n\n<p>\u2013 Wahl der Kassenpr\u00fcfer,<\/p>\n\n\n\n<p>\u2013 Entlastung des Vorstands<\/p>\n\n\n\n<p>\u2013 Genehmigung des j\u00e4hrlichen Haushaltsplanes<\/p>\n\n\n\n<p>\u2013 Festsetzung von Vereinsbeitr\u00e4gen und deren F\u00e4lligkeit,<\/p>\n\n\n\n<p>\u2013 Beschlussfassung \u00fcber \u00c4nderungen der Satzung,<\/p>\n\n\n\n<p>\u2013 Entscheidung \u00fcber Aufnahme und Ausschluss von Vereinsmitgliedern in Berufungsf\u00e4llen,<\/p>\n\n\n\n<p>\u2013 Ernennung von Ehrenmitgliedern,<\/p>\n\n\n\n<p>\u2013 Beschlussfassung \u00fcber die Aufl\u00f6sung des Vereins.<\/p>\n\n\n\n<p>Im ersten Halbjahr eines jeden Gesch\u00e4ftsjahres findet eine ordentliche Mitgliederversammlung statt, die als Jahreshauptversammlung bezeichnet wird.<\/p>\n\n\n\n<p>Der Vorstand ist zur Einberufung einer au\u00dferordentlichen Mitgliederversammlung verpflichtet, wenn mindestens ein Zehntel der Vereinsmitglieder dieses schriftlich unter Angabe von Gr\u00fcnden verlangt.<\/p>\n\n\n\n<p>Die ordentliche Mitgliederversammlung wird durch den Vorstand unter Einhaltung einer Frist von<\/p>\n\n\n\n<p>mindestens vierzehn Tagen schriftlich unter Angabe der Tagesordnung einberufen.<\/p>\n\n\n\n<p>Die Frist beginnt mit der Aufgabe der Einberufungsschreiben zur Post.<\/p>\n\n\n\n<p>Das Einladungsschreiben gilt als den Vereinsmitgliedern zugegangen, wenn es an die letzte dem Verein bekannt gegebene Anschrift gerichtet war.<\/p>\n\n\n\n<p>Die Tagesordnung ist zu erg\u00e4nzen, wenn dieses ein Mitglied vor dem angesetzten Versammlungstermin schriftlich beantragt und unter der Voraussetzung, dass die Mitgliederversammlung dem zustimmt.<\/p>\n\n\n\n<p>Antr\u00e4ge \u00fcber die Abwahl des Vorstands, einzelner Vorstandsmitglieder oder Gesamtvorstandsmitglieder,<\/p>\n\n\n\n<p>\u00fcber die \u00c4nderung der Satzung und \u00fcber die Aufl\u00f6sung des Vereins, die den Mitgliedern nicht bereits mit<\/p>\n\n\n\n<p>der Einladung zur Mitgliederversammlung zugegangen sind, d\u00fcrfen erst auf der n\u00e4chsten<\/p>\n\n\n\n<p>Mitgliederversammlung beschlossen werden.<\/p>\n\n\n\n<p>In der Mitgliederversammlung des Vereins haben s\u00e4mtliche ordentliche Mitglieder Sitz und Stimme. Dies gilt nicht f\u00fcr f\u00f6rdernde Mitglieder gem\u00e4\u00df \u00a7 4 Absatz 1.<\/p>\n\n\n\n<p>Die Mitgliederversammlung ist ohne R\u00fccksicht auf die Zahl der anwesenden Vereinsmitglieder<\/p>\n\n\n\n<p>beschlussf\u00e4hig.<\/p>\n\n\n\n<p>Die Mitgliederversammlung wird vom \/ von der 1. Vorsitzenden geleitet. Bei dessen Verhinderung leitet ein weiteres Vorstandsmitglied die Mitgliederversammlung.<\/p>\n\n\n\n<p>Jedes Vereinsmitglied hat auf der Mitgliederversammlung eine Stimme. Das Stimmrecht<\/p>\n\n\n\n<p>kann nur pers\u00f6nlich ausge\u00fcbt werden.<\/p>\n\n\n\n<p>Bei Abstimmungen entscheidet die einfache Stimmenmehrheit.<\/p>\n\n\n\n<p>Die Aufl\u00f6sung des Vereins kann nur mit einer Mehrheit von drei Vierteln der anwesenden<\/p>\n\n\n\n<p>Vereinsmitglieder beschlossen werden.<\/p>\n\n\n\n<p>\u00dcber die Form der Beschlussfassung entscheidet die Mitgliederversammlung.<\/p>\n\n\n\n<p>\u00dcber die Beschl\u00fcsse der Mitgliederversammlung ist ein Ergebnisprotokoll anzufertigen, welches vom<\/p>\n\n\n\n<p>Versammlungsleiter und dem Schriftf\u00fchrer zu unterzeichnen ist.<\/p>\n\n\n\n<p><strong>\u00a7 13 Finanzierung des Imkervereins<\/strong><\/p>\n\n\n\n<p>Die Finanzierung des Imkervereins erfolgt durch die von den Vereinsmitgliedern zu entrichtenden<\/p>\n\n\n\n<p>Mitgliedsbeitr\u00e4ge, und Spenden . Die H\u00f6he der Beitr\u00e4ge bestimmt die Mitgliederversammlung.<\/p>\n\n\n\n<p><strong>\u00a7 14 Kassenpr\u00fcfer ,Kassenpr\u00fcfung.<\/strong><\/p>\n\n\n\n<p>Die Mitgliederversammlung w\u00e4hlt f\u00fcr die Dauer von zwei Jahren zwei Kassenpr\u00fcfer<\/p>\n\n\n\n<p>Die Amtszeit der Kassenpr\u00fcfer beginnt und endet j\u00e4hrlich versetzt. Eine Nachwahl<\/p>\n\n\n\n<p>mit einj\u00e4hriger Amtszeit ist bei Ausscheiden eines Pr\u00fcfers zul\u00e4ssig.<\/p>\n\n\n\n<p>Die Wiederwahl von Kassenpr\u00fcfer f\u00fcr eine aufeinander folgende Wahlperiode ist nicht zul\u00e4ssig.<\/p>\n\n\n\n<p>Die Kassenpr\u00fcfer d\u00fcrfen nicht Mitglied des Gesamtvorstands sein.<\/p>\n\n\n\n<p>Zum Schluss eines jeden Gesch\u00e4ftsjahrs sind die B\u00fccher des Imkervereins durch den Kassenwart<\/p>\n\n\n\n<p>abzuschlie\u00dfen.<\/p>\n\n\n\n<p>Die Kassenpr\u00fcfer haben die Aufgabe:<\/p>\n\n\n\n<p>\u2013 die Rechnungsbelege zu pr\u00fcfen,<\/p>\n\n\n\n<p>\u2013 die ordnungsgem\u00e4\u00dfe Verbuchung der Rechnungsbelege zu pr\u00fcfen,<\/p>\n\n\n\n<p>\u2013 die satzungsgem\u00e4\u00dfe Mittelverwendung zu pr\u00fcfen,<\/p>\n\n\n\n<p>\u2013 den Kassenbestand des abgelaufenen Gesch\u00e4ftsjahres zu pr\u00fcfen,<\/p>\n\n\n\n<p>\u2013 der Mitgliederversammlung das Ergebnis der Kassenpr\u00fcfung vorzustellen,<\/p>\n\n\n\n<p>\u2013 in der Mitgliederversammlung die Entlastung \/ Nichtentlastung des Kassenwartes&nbsp;&nbsp; zu beantragen.<\/p>\n\n\n\n<p>Die Kassenpr\u00fcfung erstreckt sich nicht auf die Zweckm\u00e4\u00dfigkeit, der vom Vorstand get\u00e4tigten Ausgaben.<\/p>\n\n\n\n<p><strong>\u00a7 15 Ehrenamtlichkeit des Gesamtvorstands<\/strong><\/p>\n\n\n\n<p>Die Gesamtvorstandsmitglieder des Imkervereins Aurich sind ehrenamtlich t\u00e4tig.<\/p>\n\n\n\n<p>Ersatz f\u00fcr Auslagen, Tagegelder und Aufwandsentsch\u00e4digungen k\u00f6nnen jedoch gew\u00e4hrt werden, soweit sie keine unverh\u00e4ltnism\u00e4\u00dfige H\u00f6he erreichen.<\/p>\n\n\n\n<p><strong>\u00a7 16 Aufl\u00f6sung des Imkervereins Aurich<\/strong><\/p>\n\n\n\n<p>Bei Aufl\u00f6sung oder Aufhebung des Vereins oder bei Wegfall seines bisherigen Zwecks soweit dadurch die<\/p>\n\n\n\n<p>Gemeinn\u00fctzigkeit verloren geht \u2013 f\u00e4llt das Vereinsverm\u00f6gen an&nbsp; das Hospiz Hage Elf Dimt 22, in 26524 Hage<\/p>\n\n\n\n<p>der es f\u00fcr gemeinn\u00fctzige Zwecke&nbsp; oder Mildt\u00e4tige Zwecke verwenden darf.<\/p>\n\n\n\n<p><strong>\u00a7 17 Gerichtsstand<\/strong><\/p>\n\n\n\n<p>Rechtsstreitigkeiten zwischen dem Imkerverein Aurich einerseits und einem Mitglied andererseits werden durch das f\u00fcr den Sitz des Imkervereins zust\u00e4ndige Gericht entschieden.<\/p>\n\n\n\n<p><strong>\u00a7 18 Inkrafttreten der Satzung<\/strong><\/p>\n\n\n\n<p>Diese Satzung ist am 22.02.24 in der Mitgliederversammlung des Imkervereins Aurich von 1886<\/p>\n\n\n\n<p>beschlossen worden .<\/p>\n\n\n\n<p>Die vorhergehende Satzung vom 26.01.2011 tritt gleichzeitig au\u00dfer Kraft.<\/p>\n\n\n\n<p>Aurich, den 22.2.2024<\/p>\n\n\n\n<p>Diese Neufassung der Satzung des Imkervereins Aurich von 1886 wurde auf der Mitgliederversammlung<\/p>\n\n\n\n<p>vom 22.02.24&nbsp; mit&nbsp;&nbsp;&nbsp;&nbsp; Stimmen bei&nbsp;&nbsp;&nbsp;&nbsp; Neinstimmen und&nbsp;&nbsp;&nbsp; Enthaltungen angenommen<\/p>\n\n\n\n<p>Gez. Michael Murra&nbsp;&nbsp;&nbsp;&nbsp;&nbsp;&nbsp;&nbsp;&nbsp;&nbsp;&nbsp;&nbsp;&nbsp;&nbsp;&nbsp;&nbsp;&nbsp;&nbsp;&nbsp;&nbsp;&nbsp;&nbsp;&nbsp;&nbsp;&nbsp;&nbsp;&nbsp;&nbsp;&nbsp;&nbsp;&nbsp;&nbsp;&nbsp;&nbsp;&nbsp;&nbsp;&nbsp;&nbsp;&nbsp;&nbsp;&nbsp;&nbsp;&nbsp;&nbsp;&nbsp;&nbsp;&nbsp; gez Alfred Dellwitsch<\/p>\n\n\n\n<p class=\"has-text-align-left\">1.Vorsitzender&nbsp;&nbsp;&nbsp;&nbsp;&nbsp;&nbsp;&nbsp;&nbsp;&nbsp;&nbsp;&nbsp;&nbsp;&nbsp;&nbsp;&nbsp;&nbsp;&nbsp;&nbsp;&nbsp;&nbsp;&nbsp;&nbsp;&nbsp;&nbsp;&nbsp;&nbsp;&nbsp;&nbsp;&nbsp;&nbsp;&nbsp;&nbsp;&nbsp;&nbsp;&nbsp;&nbsp;&nbsp;&nbsp;&nbsp;&nbsp;&nbsp;&nbsp;&nbsp;&nbsp;&nbsp;&nbsp;&nbsp;&nbsp;&nbsp;&nbsp;&nbsp;&nbsp;&nbsp;&nbsp;&nbsp;&nbsp;&nbsp; Schriftf\u00fchrer<\/p>\n\n\n\n<p><\/p>\n\n\n\n<p><\/p>\n\n\n\n<p><br><\/p>\n","protected":false},"excerpt":{"rendered":"<p>Satzung des Imker Vereins Aurich von 1886 eingetragener gemeinn\u00fctziger Verein seit dem 08. Juli 2011 Aus Gr\u00fcnden der besseren Lesbarkeit [&hellip;]<\/p>\n","protected":false},"author":1,"featured_media":0,"parent":0,"menu_order":0,"comment_status":"closed","ping_status":"closed","template":"","meta":{"site-sidebar-layout":"default","site-content-layout":"","ast-site-content-layout":"default","site-content-style":"default","site-sidebar-style":"default","ast-global-header-display":"","ast-banner-title-visibility":"","ast-main-header-display":"","ast-hfb-above-header-display":"","ast-hfb-below-header-display":"","ast-hfb-mobile-header-display":"","site-post-title":"","ast-breadcrumbs-content":"","ast-featured-img":"","footer-sml-layout":"","theme-transparent-header-meta":"","adv-header-id-meta":"","stick-header-meta":"","header-above-stick-meta":"","header-main-stick-meta":"","header-below-stick-meta":"","astra-migrate-meta-layouts":"default","ast-page-background-enabled":"default","ast-page-background-meta":{"desktop":{"background-color":"var(--ast-global-color-5)","background-image":"","background-repeat":"repeat","background-position":"center center","background-size":"auto","background-attachment":"scroll","background-type":"","background-media":"","overlay-type":"","overlay-color":"","overlay-opacity":"","overlay-gradient":""},"tablet":{"background-color":"","background-image":"","background-repeat":"repeat","background-position":"center center","background-size":"auto","background-attachment":"scroll","background-type":"","background-media":"","overlay-type":"","overlay-color":"","overlay-opacity":"","overlay-gradient":""},"mobile":{"background-color":"","background-image":"","background-repeat":"repeat","background-position":"center center","background-size":"auto","background-attachment":"scroll","background-type":"","background-media":"","overlay-type":"","overlay-color":"","overlay-opacity":"","overlay-gradient":""}},"ast-content-background-meta":{"desktop":{"background-color":"var(--ast-global-color-4)","background-image":"","background-repeat":"repeat","background-position":"center center","background-size":"auto","background-attachment":"scroll","background-type":"","background-media":"","overlay-type":"","overlay-color":"","overlay-opacity":"","overlay-gradient":""},"tablet":{"background-color":"var(--ast-global-color-4)","background-image":"","background-repeat":"repeat","background-position":"center center","background-size":"auto","background-attachment":"scroll","background-type":"","background-media":"","overlay-type":"","overlay-color":"","overlay-opacity":"","overlay-gradient":""},"mobile":{"background-color":"var(--ast-global-color-4)","background-image":"","background-repeat":"repeat","background-position":"center center","background-size":"auto","background-attachment":"scroll","background-type":"","background-media":"","overlay-type":"","overlay-color":"","overlay-opacity":"","overlay-gradient":""}},"footnotes":""},"class_list":["post-21","page","type-page","status-publish","hentry"],"_links":{"self":[{"href":"https:\/\/www.imkerverein-aurich.de\/index.php?rest_route=\/wp\/v2\/pages\/21","targetHints":{"allow":["GET"]}}],"collection":[{"href":"https:\/\/www.imkerverein-aurich.de\/index.php?rest_route=\/wp\/v2\/pages"}],"about":[{"href":"https:\/\/www.imkerverein-aurich.de\/index.php?rest_route=\/wp\/v2\/types\/page"}],"author":[{"embeddable":true,"href":"https:\/\/www.imkerverein-aurich.de\/index.php?rest_route=\/wp\/v2\/users\/1"}],"replies":[{"embeddable":true,"href":"https:\/\/www.imkerverein-aurich.de\/index.php?rest_route=%2Fwp%2Fv2%2Fcomments&post=21"}],"version-history":[{"count":4,"href":"https:\/\/www.imkerverein-aurich.de\/index.php?rest_route=\/wp\/v2\/pages\/21\/revisions"}],"predecessor-version":[{"id":496,"href":"https:\/\/www.imkerverein-aurich.de\/index.php?rest_route=\/wp\/v2\/pages\/21\/revisions\/496"}],"wp:attachment":[{"href":"https:\/\/www.imkerverein-aurich.de\/index.php?rest_route=%2Fwp%2Fv2%2Fmedia&parent=21"}],"curies":[{"name":"wp","href":"https:\/\/api.w.org\/{rel}","templated":true}]}}